{"id":3990,"date":"2025-08-03T12:02:02","date_gmt":"2025-08-03T12:02:02","guid":{"rendered":"https:\/\/www.oldtimer-wheels.com\/?post_type=product&#038;p=3990"},"modified":"2025-08-03T12:02:02","modified_gmt":"2025-08-03T12:02:02","slug":"16-land-rover-ntc7739","status":"publish","type":"product","link":"https:\/\/www.oldtimer-wheels.com\/de\/store\/16-land-rover-ntc7739\/","title":{"rendered":"16&#8243; Land Rover NTC7739"},"content":{"rendered":"<h3>Original 16-zoll Land Rover Felgen 7&#215;16 NTC7739 f\u00fcr Discovery Defender<\/h3>\n<p>Original Land Rover Felgen 7J X 16 \/ 5&#215;165 LK \/ ET 33 \/ NTC7739. Ein echtes Unikat! \u2013 In dieser Ausf\u00fchrung (Rand glanzgedreht) einzigartig auf dem Markt. <\/p>\n<h4>Vorne: 7J X 16 \/ 5 X 165 \/ ET+33<br \/>\nHinten: 7J X 16 \/ 5 X 165 \/ ET+33<\/h4>\n<p>Andere Details:<\/p>\n<ul>\n<li>Es handelt sich um originale Land Rover Felgen mit der Seriennummer: NTC7739.<\/li>\n<li>Passend f\u00fcr: Range Rover Classic, Land Rover Defender, Land Rover Discovery 1 &amp; 2. (F\u00fcr Range Rover Modelle k\u00f6nnen auf Wunsch passende Nabendeckel besorgt werden.) <\/li>\n<li>Die Felgen wurden professionell aufgearbeitet:\n<ul>\n<li>Glasperlengestrahlt.<\/li>\n<li>Dreifach neu lackiert in Anthrazit.<\/li>\n<li>Rand glanzgedreht und glanzend lackiert.<\/li>\n<\/ul>\n<\/li>\n<li>Der Lack ist s\u00e4urefest und winterfest.<\/li>\n<\/ul>\n","protected":false},"excerpt":{"rendered":"<p>Original 16-zoll Land Rover Felgen 7&#215;16 NTC7739 f\u00fcr Discovery Defender Original Land Rover Felgen 7J X 16 \/ 5&#215;165 LK \/ ET 33 \/ NTC7739. Ein echtes Unikat! \u2013 In dieser Ausf\u00fchrung (Rand glanzgedreht) einzigartig auf dem Markt. Vorne: 7J X 16 \/ 5 X 165 \/ ET+33 Hinten: 7J X 16 \/ 5 X [&hellip;]<\/p>\n","protected":false},"featured_media":3965,"template":"","meta":[],"product_brand":[214],"product_cat":[136],"product_tag":[216,215],"class_list":{"0":"post-3990","1":"product","2":"type-product","3":"status-publish","4":"has-post-thumbnail","6":"product_brand-land-rover","7":"product_cat-rader","8":"product_tag-cyclone-de","9":"product_tag-ntc7739-de","11":"first","12":"instock","13":"taxable","14":"shipping-taxable","15":"purchasable","16":"product-type-simple"},"_links":{"self":[{"href":"https:\/\/www.oldtimer-wheels.com\/de\/wp-json\/wp\/v2\/product\/3990","targetHints":{"allow":["GET"]}}],"collection":[{"href":"https:\/\/www.oldtimer-wheels.com\/de\/wp-json\/wp\/v2\/product"}],"about":[{"href":"https:\/\/www.oldtimer-wheels.com\/de\/wp-json\/wp\/v2\/types\/product"}],"wp:featuredmedia":[{"embeddable":true,"href":"https:\/\/www.oldtimer-wheels.com\/de\/wp-json\/wp\/v2\/media\/3965"}],"wp:attachment":[{"href":"https:\/\/www.oldtimer-wheels.com\/de\/wp-json\/wp\/v2\/media?parent=3990"}],"wp:term":[{"taxonomy":"product_brand","embeddable":true,"href":"https:\/\/www.oldtimer-wheels.com\/de\/wp-json\/wp\/v2\/product_brand?post=3990"},{"taxonomy":"product_cat","embeddable":true,"href":"https:\/\/www.oldtimer-wheels.com\/de\/wp-json\/wp\/v2\/product_cat?post=3990"},{"taxonomy":"product_tag","embeddable":true,"href":"https:\/\/www.oldtimer-wheels.com\/de\/wp-json\/wp\/v2\/product_tag?post=3990"}],"curies":[{"name":"wp","href":"https:\/\/api.w.org\/{rel}","templated":true}]}}