{"id":3490,"date":"2025-03-24T14:05:50","date_gmt":"2025-03-24T14:05:50","guid":{"rendered":"https:\/\/www.oldtimer-wheels.com\/store\/14-bmw-ats\/"},"modified":"2025-03-24T14:05:50","modified_gmt":"2025-03-24T14:05:50","slug":"14-bmw-ats","status":"publish","type":"product","link":"https:\/\/www.oldtimer-wheels.com\/de\/store\/14-bmw-ats\/","title":{"rendered":"14&#8243; BMW ATS"},"content":{"rendered":"<h3>Original ATS-R\u00e4der im Alpina-Look f\u00fcr alte BMWs<\/h3>\n<p><strong>Konkaver Alpina-Look in 14 Zoll und 7&#8243; Breite<\/strong><\/p>\n<h4>vorne : 7J X 14 \/ 5&#215;120 \/ ET+11<br \/>\nhinten: 7J X 14 \/ 5&#215;120 \/ ET+11<\/h4>\n<p>Andere Details:<\/p>\n<ul>\n<li>Sch\u00f6ner Satz Aftermarket BMW Felgen aus den 70\/80er Jahren, Made in Germany.<\/li>\n<li>Die Mittelkappen sind original und neu lackiert.<\/li>\n<li>Lochkreis ist 5&#215;120 Perfekt f\u00fcr alle alten BMW&#8217;s (mit 5 Loch).<\/li>\n<li>Die R\u00e4der wurden schwarz lackiert, dann glanzgedreht, geb\u00fcrstet und abschlie\u00dfend klarlackiert.<\/li>\n<li>Rundlauf perfekt.<\/li>\n<\/ul>\n","protected":false},"excerpt":{"rendered":"<p>BMW ATS 14 Zoll Alufelgen 7Jx14 5\u00d7120 ET11 Felgen f\u00fcr BMW E3, E9, E12, E23, E24, oder E28. Original ATS Felgen im Alpina-Look f\u00fcr alte BMWs. <\/p>\n","protected":false},"featured_media":3491,"template":"","meta":[],"product_brand":[105],"product_cat":[136],"product_tag":[],"class_list":{"0":"post-3490","1":"product","2":"type-product","3":"status-publish","4":"has-post-thumbnail","6":"product_brand-ats","7":"product_cat-rader","9":"first","10":"outofstock","11":"taxable","12":"shipping-taxable","13":"purchasable","14":"product-type-simple"},"_links":{"self":[{"href":"https:\/\/www.oldtimer-wheels.com\/de\/wp-json\/wp\/v2\/product\/3490","targetHints":{"allow":["GET"]}}],"collection":[{"href":"https:\/\/www.oldtimer-wheels.com\/de\/wp-json\/wp\/v2\/product"}],"about":[{"href":"https:\/\/www.oldtimer-wheels.com\/de\/wp-json\/wp\/v2\/types\/product"}],"wp:featuredmedia":[{"embeddable":true,"href":"https:\/\/www.oldtimer-wheels.com\/de\/wp-json\/wp\/v2\/media\/3491"}],"wp:attachment":[{"href":"https:\/\/www.oldtimer-wheels.com\/de\/wp-json\/wp\/v2\/media?parent=3490"}],"wp:term":[{"taxonomy":"product_brand","embeddable":true,"href":"https:\/\/www.oldtimer-wheels.com\/de\/wp-json\/wp\/v2\/product_brand?post=3490"},{"taxonomy":"product_cat","embeddable":true,"href":"https:\/\/www.oldtimer-wheels.com\/de\/wp-json\/wp\/v2\/product_cat?post=3490"},{"taxonomy":"product_tag","embeddable":true,"href":"https:\/\/www.oldtimer-wheels.com\/de\/wp-json\/wp\/v2\/product_tag?post=3490"}],"curies":[{"name":"wp","href":"https:\/\/api.w.org\/{rel}","templated":true}]}}